{"id":237,"date":"2024-03-17T01:21:00","date_gmt":"2024-03-17T01:21:00","guid":{"rendered":"https:\/\/essencialmedia.com.br\/templates\/?page_id=237"},"modified":"2024-03-17T02:23:24","modified_gmt":"2024-03-17T02:23:24","slug":"politica-de-compra","status":"publish","type":"page","link":"https:\/\/essencialmedia.com.br\/templates\/politica-de-compra\/","title":{"rendered":"Politica de Compra"},"content":{"rendered":"\t\t<div data-elementor-type=\"wp-page\" data-elementor-id=\"237\" class=\"elementor elementor-237\" data-elementor-post-type=\"page\">\n\t\t\t\t<div class=\"elementor-element elementor-element-1b4eead9 e-flex e-con-boxed e-con e-parent\" data-id=\"1b4eead9\" data-element_type=\"container\" data-e-type=\"container\">\n\t\t\t\t\t<div class=\"e-con-inner\">\n\t\t\t\t<div class=\"elementor-element elementor-element-400120a7 elementor-widget elementor-widget-text-editor\" data-id=\"400120a7\" data-element_type=\"widget\" data-e-type=\"widget\" data-widget_type=\"text-editor.default\">\n\t\t\t\t<div class=\"elementor-widget-container\">\n\t\t\t\t\t\t\t\t\t\n<p><strong>Pol\u00edticas de Compra &#8211; EssencialMedia<\/strong><\/p>\n\n\n\n<p>Agradecemos por escolher a<strong> EssencialMedia<\/strong> como sua fornecedora de templates avan\u00e7ados e templates  simples para WordPress. Antes de efetuar sua compra, \u00e9 importante que voc\u00ea leia atentamente nossas pol\u00edticas de compra para garantir uma experi\u00eancia satisfat\u00f3ria. Ao realizar uma compra em nosso site, voc\u00ea concorda com os termos e condi\u00e7\u00f5es descritos abaixo:<\/p>\n\n\n\n<p><strong>1. Contato de Suporte:<\/strong> Ap\u00f3s a compra do template, caso necessite de assist\u00eancia para instala\u00e7\u00e3o, voc\u00ea pode entrar em contato com nosso suporte t\u00e9cnico atrav\u00e9s do WhatsApp disponibilizado em seu e-mail de confirma\u00e7\u00e3o de compra ou atrav\u00e9s do bot\u00e3o de atendimento dispon\u00edvel em sua conta.<\/p>\n\n\n\n<p><strong>2. Pol\u00edtica de Devolu\u00e7\u00f5es:<\/strong> Por se tratar de arquivos baix\u00e1veis, n\u00e3o realizamos devolu\u00e7\u00f5es. Antes da compra, disponibilizamos uma demo do site ao vivo para vers\u00e3o mobile e computador, al\u00e9m de um v\u00eddeo avan\u00e7ado, garantindo que o cliente tenha total ci\u00eancia do produto que est\u00e1 adquirindo.<\/p>\n\n\n\n<p><strong>3. Tipos de Produtos:<\/strong> Nossa loja de templates se divide em dois tipos de produtos:<\/p>\n\n\n\n<ul class=\"wp-block-list\">\n<li><strong>Templates Avan\u00e7ados:<\/strong> Incluem a instala\u00e7\u00e3o t\u00e9cnica do template em sua estrutura WordPress por nossa equipe, instala\u00e7\u00e3o de plugins premium especificados no produto e acesso a uma \u00e1rea de membros com treinamento para gerenciar a estrutura e realizar integra\u00e7\u00f5es.<\/li>\n\n\n\n<li><strong>Templates Simples:<\/strong> Os arquivos s\u00e3o disponibilizados na conta do usu\u00e1rio, que realiza a instala\u00e7\u00e3o seguindo o passo a passo de um v\u00eddeo tutorial.<\/li>\n<\/ul>\n\n\n\n<p><strong>4. Limita\u00e7\u00f5es de Servi\u00e7os:<\/strong> N\u00e3o realizamos constru\u00e7\u00f5es de p\u00e1ginas ou integra\u00e7\u00f5es de sistemas. Caso necessite de projetos personalizados, voc\u00ea pode solicitar um or\u00e7amento atrav\u00e9s do <a href=\"http:\/\/www.essencialmedia.com.br\" target=\"_blank\" rel=\"noreferrer noopener\">link<\/a> fornecido.<\/p>\n\n\n\n<p><strong>5. Formas de Pagamento:<\/strong> Aceitamos pagamentos via PIX, boleto e cart\u00e3o de cr\u00e9dito em at\u00e9 12 vezes com juros, proporcionando flexibilidade na escolha da forma de pagamento.<\/p>\n\n\n\n<p><strong>6. Tempo de Suporte:<\/strong> Oferecemos um per\u00edodo de suporte de 12 dias para cada compra, garantindo que voc\u00ea tenha assist\u00eancia caso surjam d\u00favidas ou problemas durante a utiliza\u00e7\u00e3o do template.<\/p>\n\n\n\n<p><strong>7. Visualiza\u00e7\u00e3o da Estrutura:<\/strong> Antes de adquirir o template, voc\u00ea pode visualizar toda a estrutura dispon\u00edvel, garantindo assim que tenha certeza do que est\u00e1 comprando e que atende \u00e0s suas necessidades.<\/p>\n\n\n\n<p><strong>8. Canais de Atendimento:<\/strong> Estamos dispon\u00edveis para atendimento via e-mail e WhatsApp nos seguintes hor\u00e1rios:<\/p>\n\n\n\n<ul class=\"wp-block-list\">\n<li>Segunda a sexta-feira: 9h \u00e0s 12h e 14h \u00e0s 18h.<\/li>\n\n\n\n<li>S\u00e1bado: 9h ao 12h (hor\u00e1rio de Bras\u00edlia). N\u00e3o realizamos atendimento em feriados.<\/li>\n<\/ul>\n\n\n\n<p><strong>Informa\u00e7\u00f5es de Contato:<\/strong><\/p>\n\n\n\n<ul class=\"wp-block-list\">\n<li>E-mail: <a>contato@essencialmedia.com.br<\/a><\/li>\n\n\n\n<li>WhatsApp: +55 (11) 94386-1194<\/li>\n\n\n\n<li>CNPJ da EssencialMedia: 41.128.070\/0001-07<\/li>\n<\/ul>\n\n\n\n<p>Se voc\u00ea tiver alguma d\u00favida adicional ou precisar de mais informa\u00e7\u00f5es, n\u00e3o hesite em nos contatar. Estamos aqui para ajud\u00e1-lo a ter a melhor experi\u00eancia poss\u00edvel com nossos produtos e servi\u00e7os.<\/p>\n\n\n\n<p><strong>LEIA TAMBEM NOSSOS <a href=\"https:\/\/essencialmedia.com.br\/templates\/termos-de-uso\/\" target=\"_blank\" rel=\"noreferrer noopener\">TERMOS DE USO<\/a><\/strong><\/p>\n\t\t\t\t\t\t\t\t<\/div>\n\t\t\t\t<\/div>\n\t\t\t\t\t<\/div>\n\t\t\t\t<\/div>\n\t\t\t\t<\/div>\n\t\t","protected":false},"excerpt":{"rendered":"<p>Pol\u00edticas de Compra &#8211; EssencialMedia Agradecemos por escolher a EssencialMedia como sua fornecedora de templates avan\u00e7ados e templates simples para WordPress. Antes de efetuar sua compra, \u00e9 importante que voc\u00ea leia atentamente nossas pol\u00edticas de compra para garantir uma experi\u00eancia satisfat\u00f3ria. Ao realizar uma compra em nosso site, voc\u00ea concorda com os termos e condi\u00e7\u00f5es [&hellip;]<\/p>\n","protected":false},"author":1,"featured_media":0,"parent":0,"menu_order":0,"comment_status":"closed","ping_status":"closed","template":"elementor_header_footer","meta":{"_acf_changed":false,"_joinchat":[],"footnotes":""},"class_list":["post-237","page","type-page","status-publish","hentry"],"acf":[],"_links":{"self":[{"href":"https:\/\/essencialmedia.com.br\/templates\/wp-json\/wp\/v2\/pages\/237","targetHints":{"allow":["GET"]}}],"collection":[{"href":"https:\/\/essencialmedia.com.br\/templates\/wp-json\/wp\/v2\/pages"}],"about":[{"href":"https:\/\/essencialmedia.com.br\/templates\/wp-json\/wp\/v2\/types\/page"}],"author":[{"embeddable":true,"href":"https:\/\/essencialmedia.com.br\/templates\/wp-json\/wp\/v2\/users\/1"}],"replies":[{"embeddable":true,"href":"https:\/\/essencialmedia.com.br\/templates\/wp-json\/wp\/v2\/comments?post=237"}],"version-history":[{"count":5,"href":"https:\/\/essencialmedia.com.br\/templates\/wp-json\/wp\/v2\/pages\/237\/revisions"}],"predecessor-version":[{"id":292,"href":"https:\/\/essencialmedia.com.br\/templates\/wp-json\/wp\/v2\/pages\/237\/revisions\/292"}],"wp:attachment":[{"href":"https:\/\/essencialmedia.com.br\/templates\/wp-json\/wp\/v2\/media?parent=237"}],"curies":[{"name":"wp","href":"https:\/\/api.w.org\/{rel}","templated":true}]}}