{"id":803,"date":"2024-05-19T22:31:20","date_gmt":"2024-05-19T22:31:20","guid":{"rendered":"https:\/\/essencialmedia.com.br\/templates\/?post_type=product&#038;p=803"},"modified":"2026-04-24T15:52:39","modified_gmt":"2026-04-24T15:52:39","slug":"site-pousada-pro","status":"publish","type":"product","link":"https:\/\/essencialmedia.com.br\/templates\/produto\/site-pousada-pro\/","title":{"rendered":"Site Pousada Pro"},"content":{"rendered":"<div class=\"elementor-element elementor-element-9c9dfb9 elementor-widget elementor-widget-text-editor\" data-id=\"9c9dfb9\" data-element_type=\"widget\" data-widget_type=\"text-editor.default\">\n<div class=\"elementor-widget-container\">\n<p><strong>Site com sistema de reserva e pagamento integrado<\/strong> para pousadas, apartamentos, resorts ou qualquer tipo de neg\u00f3cio que lide com di\u00e1rias ou per\u00edodo de agendamento\u00a0 dias\/m\u00eas.<\/p>\n<\/div>\n<\/div>\n<div class=\"elementor-element elementor-element-e576577 e-flex e-con-boxed wpr-particle-no wpr-jarallax-no wpr-parallax-no wpr-sticky-section-no e-con e-child\" data-id=\"e576577\" data-element_type=\"container\" data-settings=\"{&quot;content_width&quot;:&quot;boxed&quot;}\">\n<div class=\"e-con-inner\">\n<div class=\"elementor-element elementor-element-b537779 e-flex e-con-boxed wpr-particle-no wpr-jarallax-no wpr-parallax-no wpr-sticky-section-no e-con e-child\" data-id=\"b537779\" data-element_type=\"container\" data-settings=\"{&quot;content_width&quot;:&quot;boxed&quot;}\">\n<div class=\"e-con-inner\">\n<div class=\"elementor-element elementor-element-0900939 elementor-widget elementor-widget-heading\" data-id=\"0900939\" data-element_type=\"widget\" data-widget_type=\"heading.default\">\n<div class=\"elementor-widget-container\"><\/div>\n<\/div>\n<\/div>\n<\/div>\n<\/div>\n<\/div>\n","protected":false},"excerpt":{"rendered":"<p><b>Site com sistema de reserva e pagamento integrado<\/b><span style=\"font-weight: 400;\"> para pousadas, apartamentos, resorts ou qualquer tipo de neg\u00f3cio que lide com di\u00e1rias ou per\u00edodo de agendamento\u00a0 dias\/m\u00eas.<\/span><\/p>\n","protected":false},"featured_media":770,"comment_status":"open","ping_status":"closed","template":"","meta":{"_acf_changed":false,"_joinchat":[]},"product_brand":[],"product_cat":[22],"product_tag":[],"class_list":{"0":"post-803","1":"product","2":"type-product","3":"status-publish","4":"has-post-thumbnail","6":"product_cat-templates-avancados","8":"first","9":"instock","10":"sale","11":"shipping-taxable","12":"product-type-external"},"acf":[],"_links":{"self":[{"href":"https:\/\/essencialmedia.com.br\/templates\/wp-json\/wp\/v2\/product\/803","targetHints":{"allow":["GET"]}}],"collection":[{"href":"https:\/\/essencialmedia.com.br\/templates\/wp-json\/wp\/v2\/product"}],"about":[{"href":"https:\/\/essencialmedia.com.br\/templates\/wp-json\/wp\/v2\/types\/product"}],"replies":[{"embeddable":true,"href":"https:\/\/essencialmedia.com.br\/templates\/wp-json\/wp\/v2\/comments?post=803"}],"wp:featuredmedia":[{"embeddable":true,"href":"https:\/\/essencialmedia.com.br\/templates\/wp-json\/wp\/v2\/media\/770"}],"wp:attachment":[{"href":"https:\/\/essencialmedia.com.br\/templates\/wp-json\/wp\/v2\/media?parent=803"}],"wp:term":[{"taxonomy":"product_brand","embeddable":true,"href":"https:\/\/essencialmedia.com.br\/templates\/wp-json\/wp\/v2\/product_brand?post=803"},{"taxonomy":"product_cat","embeddable":true,"href":"https:\/\/essencialmedia.com.br\/templates\/wp-json\/wp\/v2\/product_cat?post=803"},{"taxonomy":"product_tag","embeddable":true,"href":"https:\/\/essencialmedia.com.br\/templates\/wp-json\/wp\/v2\/product_tag?post=803"}],"curies":[{"name":"wp","href":"https:\/\/api.w.org\/{rel}","templated":true}]}}