{"id":852,"date":"2024-09-30T13:20:27","date_gmt":"2024-09-30T13:20:27","guid":{"rendered":"https:\/\/essencialmedia.com.br\/templates\/?post_type=product&#038;p=852"},"modified":"2025-02-07T11:49:40","modified_gmt":"2025-02-07T11:49:40","slug":"infoblog","status":"publish","type":"product","link":"https:\/\/essencialmedia.com.br\/templates\/produto\/infoblog\/","title":{"rendered":"InfoBlog"},"content":{"rendered":"","protected":false},"excerpt":{"rendered":"<p><span style=\"font-weight: 400;\">Blog WordPress otimizado para SEO, com p\u00e1ginas configuradas e integra\u00e7\u00e3o com ferramentas de marketing digital. Ideal para InfoProdutores, blogueiros, criadores de conte\u00fado e empresas que desejam um site moderno, com f\u00e1cil personaliza\u00e7\u00e3o e suporte integrado.<\/span><\/p>\n","protected":false},"featured_media":1738,"comment_status":"open","ping_status":"closed","template":"","meta":{"_acf_changed":false,"_joinchat":[]},"product_brand":[],"product_cat":[22],"product_tag":[],"class_list":{"0":"post-852","1":"product","2":"type-product","3":"status-publish","4":"has-post-thumbnail","6":"product_cat-templates-avancados","8":"first","9":"instock","10":"sale","11":"shipping-taxable","12":"product-type-external"},"acf":[],"_links":{"self":[{"href":"https:\/\/essencialmedia.com.br\/templates\/wp-json\/wp\/v2\/product\/852","targetHints":{"allow":["GET"]}}],"collection":[{"href":"https:\/\/essencialmedia.com.br\/templates\/wp-json\/wp\/v2\/product"}],"about":[{"href":"https:\/\/essencialmedia.com.br\/templates\/wp-json\/wp\/v2\/types\/product"}],"replies":[{"embeddable":true,"href":"https:\/\/essencialmedia.com.br\/templates\/wp-json\/wp\/v2\/comments?post=852"}],"wp:featuredmedia":[{"embeddable":true,"href":"https:\/\/essencialmedia.com.br\/templates\/wp-json\/wp\/v2\/media\/1738"}],"wp:attachment":[{"href":"https:\/\/essencialmedia.com.br\/templates\/wp-json\/wp\/v2\/media?parent=852"}],"wp:term":[{"taxonomy":"product_brand","embeddable":true,"href":"https:\/\/essencialmedia.com.br\/templates\/wp-json\/wp\/v2\/product_brand?post=852"},{"taxonomy":"product_cat","embeddable":true,"href":"https:\/\/essencialmedia.com.br\/templates\/wp-json\/wp\/v2\/product_cat?post=852"},{"taxonomy":"product_tag","embeddable":true,"href":"https:\/\/essencialmedia.com.br\/templates\/wp-json\/wp\/v2\/product_tag?post=852"}],"curies":[{"name":"wp","href":"https:\/\/api.w.org\/{rel}","templated":true}]}}