{"id":11,"date":"2025-09-22T02:23:28","date_gmt":"2025-09-22T02:23:28","guid":{"rendered":"https:\/\/essencialmedia.com.br\/tutorialsiteingresso\/minha-conta\/"},"modified":"2025-09-27T03:34:44","modified_gmt":"2025-09-27T03:34:44","slug":"minha-conta","status":"publish","type":"page","link":"https:\/\/essencialmedia.com.br\/tutorialsiteingresso\/minha-conta\/","title":{"rendered":"Minha conta"},"content":{"rendered":"\t\t<div data-elementor-type=\"wp-page\" data-elementor-id=\"11\" class=\"elementor elementor-11\" data-elementor-post-type=\"page\">\n\t\t\t\t<div class=\"elementor-element elementor-element-13bc28f e-flex e-con-boxed e-con e-parent\" data-id=\"13bc28f\" data-element_type=\"container\" data-e-type=\"container\" data-settings=\"{&quot;background_background&quot;:&quot;classic&quot;}\">\n\t\t\t\t\t<div class=\"e-con-inner\">\n\t\t\t\t<div class=\"elementor-element elementor-element-9c3231a elementor-widget elementor-widget-heading\" data-id=\"9c3231a\" data-element_type=\"widget\" data-e-type=\"widget\" data-widget_type=\"heading.default\">\n\t\t\t\t\t<h2 class=\"elementor-heading-title elementor-size-default\">Minha Conta<\/h2>\t\t\t\t<\/div>\n\t\t<div class=\"elementor-element elementor-element-fc2e0c4 e-con-full e-flex e-con e-child\" data-id=\"fc2e0c4\" data-element_type=\"container\" data-e-type=\"container\">\n\t\t\t\t<\/div>\n\t\t\t\t\t<\/div>\n\t\t\t\t<\/div>\n\t\t<div class=\"elementor-element elementor-element-f6a028d e-flex e-con-boxed e-con e-parent\" data-id=\"f6a028d\" data-element_type=\"container\" data-e-type=\"container\">\n\t\t\t\t\t<div class=\"e-con-inner\">\n\t\t\t\t<div class=\"elementor-element elementor-element-682f7e7 e-my-account-tabs-vertical elementor-widget elementor-widget-woocommerce-my-account\" data-id=\"682f7e7\" data-element_type=\"widget\" data-e-type=\"widget\" data-widget_type=\"woocommerce-my-account.default\">\n\t\t\t\t\t<div class=\"e-my-account-tab e-my-account-tab__ \">\t\t\t<div class=\"woocommerce\"><\/div>\t\t<\/div>\n\t\t\t\t\t\t<\/div>\n\t\t\t\t\t<\/div>\n\t\t\t\t<\/div>\n\t\t\t\t<\/div>\n\t\t","protected":false},"excerpt":{"rendered":"<p>Minha Conta Dashboard Pedidos Downloads Addresses Detalhes da Conta Logout Ol\u00e1, admin (n\u00e3o \u00e9 admin? Sair) A partir do painel de controle de sua conta, voc\u00ea pode ver suas compras recentes, gerenciar seus endere\u00e7os de entrega e cobran\u00e7a, e editar sua senha e detalhes da conta.<\/p>\n","protected":false},"author":1,"featured_media":0,"parent":0,"menu_order":0,"comment_status":"closed","ping_status":"closed","template":"","meta":{"footnotes":""},"class_list":["post-11","page","type-page","status-publish","hentry"],"_links":{"self":[{"href":"https:\/\/essencialmedia.com.br\/tutorialsiteingresso\/wp-json\/wp\/v2\/pages\/11","targetHints":{"allow":["GET"]}}],"collection":[{"href":"https:\/\/essencialmedia.com.br\/tutorialsiteingresso\/wp-json\/wp\/v2\/pages"}],"about":[{"href":"https:\/\/essencialmedia.com.br\/tutorialsiteingresso\/wp-json\/wp\/v2\/types\/page"}],"author":[{"embeddable":true,"href":"https:\/\/essencialmedia.com.br\/tutorialsiteingresso\/wp-json\/wp\/v2\/users\/1"}],"replies":[{"embeddable":true,"href":"https:\/\/essencialmedia.com.br\/tutorialsiteingresso\/wp-json\/wp\/v2\/comments?post=11"}],"version-history":[{"count":3,"href":"https:\/\/essencialmedia.com.br\/tutorialsiteingresso\/wp-json\/wp\/v2\/pages\/11\/revisions"}],"predecessor-version":[{"id":274,"href":"https:\/\/essencialmedia.com.br\/tutorialsiteingresso\/wp-json\/wp\/v2\/pages\/11\/revisions\/274"}],"wp:attachment":[{"href":"https:\/\/essencialmedia.com.br\/tutorialsiteingresso\/wp-json\/wp\/v2\/media?parent=11"}],"curies":[{"name":"wp","href":"https:\/\/api.w.org\/{rel}","templated":true}]}}